{"id":15,"date":"2023-11-03T21:04:05","date_gmt":"2023-11-03T20:04:05","guid":{"rendered":"https:\/\/microlibre.ynh.fr\/blog\/?page_id=15"},"modified":"2023-11-30T19:10:30","modified_gmt":"2023-11-30T18:10:30","slug":"accueil","status":"publish","type":"page","link":"https:\/\/microlibre.ynh.fr\/blog\/","title":{"rendered":"Accueil"},"content":{"rendered":"<style>.kb-row-layout-id15_0025d9-83 > .kt-row-column-wrap{align-content:start;}:where(.kb-row-layout-id15_0025d9-83 > .kt-row-column-wrap) > .wp-block-kadence-column{justify-content:start;}.kb-row-layout-id15_0025d9-83 > .kt-row-column-wrap{column-gap:var(--global-kb-gap-md, 2rem);row-gap:var(--global-kb-gap-md, 2rem);max-width:var( --global-content-width, 1290px );padding-left:var(--global-content-edge-padding);padding-right:var(--global-content-edge-padding);padding-top:var(--global-kb-spacing-sm, 1.5rem);grid-template-columns:minmax(0, 1fr);}.kb-row-layout-id15_0025d9-83{border-top-left-radius:31px;border-top-right-radius:31px;border-bottom-right-radius:31px;border-bottom-left-radius:31px;overflow:clip;isolation:isolate;}.kb-row-layout-id15_0025d9-83 > .kt-row-layout-overlay{border-top-left-radius:31px;border-top-right-radius:31px;border-bottom-right-radius:31px;border-bottom-left-radius:31px;}.kb-row-layout-id15_0025d9-83 > .kt-row-layout-overlay{opacity:0.26;background-color:var(--global-palette1, #3182CE);}.kb-row-layout-id15_0025d9-83 .kt-row-layout-bottom-sep{height:29px;}.kb-row-layout-id15_0025d9-83 .kt-row-layout-bottom-sep svg{width:100%;}.kb-row-layout-id15_0025d9-83 .kt-row-layout-bottom-sep svg{fill:#ffffff!important;}@media all and (max-width: 1024px){.kb-row-layout-id15_0025d9-83 > .kt-row-column-wrap{grid-template-columns:minmax(0, 1fr);}}@media all and (max-width: 1024px){.kb-row-layout-id15_0025d9-83 .kt-row-layout-bottom-sep{height:px;}}@media all and (max-width: 1024px){.kb-row-layout-id15_0025d9-83 .kt-row-layout-bottom-sep svg{width:%;}}@media all and (max-width: 767px){.kb-row-layout-id15_0025d9-83 > .kt-row-column-wrap{grid-template-columns:minmax(0, 1fr);}.kb-row-layout-id15_0025d9-83 .kt-row-layout-bottom-sep{height:px;}.kb-row-layout-id15_0025d9-83 .kt-row-layout-bottom-sep svg{width:%;}}<\/style><div class=\"kb-row-layout-wrap kb-row-layout-id15_0025d9-83 alignnone kt-row-has-bg wp-block-kadence-rowlayout\"><div class=\"kt-row-layout-overlay kt-row-overlay-normal\"><\/div><div class=\"kt-row-layout-bottom-sep kt-row-sep-type-crv\"><svg viewBox=\"0 0 1000 100\" preserveAspectRatio=\"none\"><path d=\"M1000,100c0,0 -270.987,-98 -500,-98c-229.013,0 -500,98 -500,98l1000,0Z\" \/><\/svg><\/div><div class=\"kt-row-column-wrap kt-has-1-columns kt-row-layout-equal kt-tab-layout-inherit kt-mobile-layout-row kt-row-valign-top kb-theme-content-width\">\n<style>.kadence-column15_004dae-93 > .kt-inside-inner-col,.kadence-column15_004dae-93 > .kt-inside-inner-col:before{border-top-left-radius:0px;border-top-right-radius:0px;border-bottom-right-radius:0px;border-bottom-left-radius:0px;}.kadence-column15_004dae-93 > .kt-inside-inner-col{column-gap:var(--global-kb-gap-sm, 1rem);}.kadence-column15_004dae-93 > .kt-inside-inner-col{flex-direction:column;}.kadence-column15_004dae-93 > .kt-inside-inner-col > .aligncenter{width:100%;}.kadence-column15_004dae-93 > .kt-inside-inner-col:before{opacity:0.3;}.kadence-column15_004dae-93{position:relative;}@media all and (max-width: 1024px){.kadence-column15_004dae-93 > .kt-inside-inner-col{flex-direction:column;}}@media all and (max-width: 767px){.kadence-column15_004dae-93 > .kt-inside-inner-col{flex-direction:column;}}<\/style>\n<div class=\"wp-block-kadence-column kadence-column15_004dae-93\"><div class=\"kt-inside-inner-col\"><style>.wp-block-kadence-advancedheading.kt-adv-heading15_c0b90b-52, .wp-block-kadence-advancedheading.kt-adv-heading15_c0b90b-52[data-kb-block=\"kb-adv-heading15_c0b90b-52\"]{font-size:var(--global-kb-font-size-lg, 2rem);font-style:normal;}.wp-block-kadence-advancedheading.kt-adv-heading15_c0b90b-52 mark.kt-highlight, .wp-block-kadence-advancedheading.kt-adv-heading15_c0b90b-52[data-kb-block=\"kb-adv-heading15_c0b90b-52\"] mark.kt-highlight{font-style:normal;-webkit-box-decoration-break:clone;box-decoration-break:clone;padding-top:0px;padding-right:0px;padding-bottom:0px;padding-left:0px;}@media all and (max-width: 767px){.wp-block-kadence-advancedheading.kt-adv-heading15_c0b90b-52, .wp-block-kadence-advancedheading.kt-adv-heading15_c0b90b-52[data-kb-block=\"kb-adv-heading15_c0b90b-52\"]{font-size:var(--global-kb-font-size-lg, 2rem);}}<\/style>\n<h2 class=\"kt-adv-heading15_c0b90b-52 wp-block-kadence-advancedheading\" data-kb-block=\"kb-adv-heading15_c0b90b-52\">Bienvenue chez MicroLibre<\/h2>\n\n\n<style>.wp-block-kadence-advancedheading.kt-adv-heading15_5d7cbe-98, .wp-block-kadence-advancedheading.kt-adv-heading15_5d7cbe-98[data-kb-block=\"kb-adv-heading15_5d7cbe-98\"]{font-style:normal;}.wp-block-kadence-advancedheading.kt-adv-heading15_5d7cbe-98 mark.kt-highlight, .wp-block-kadence-advancedheading.kt-adv-heading15_5d7cbe-98[data-kb-block=\"kb-adv-heading15_5d7cbe-98\"] mark.kt-highlight{font-style:normal;color:#f76a0c;-webkit-box-decoration-break:clone;box-decoration-break:clone;padding-top:0px;padding-right:0px;padding-bottom:0px;padding-left:0px;}@media all and (max-width: 767px){.wp-block-kadence-advancedheading.kt-adv-heading15_5d7cbe-98, .wp-block-kadence-advancedheading.kt-adv-heading15_5d7cbe-98[data-kb-block=\"kb-adv-heading15_5d7cbe-98\"]{font-size:var(--global-kb-font-size-md, 1.25rem);}}<\/style>\n<h2 class=\"kt-adv-heading15_5d7cbe-98 wp-block-kadence-advancedheading has-theme-palette-2-color has-text-color\" data-kb-block=\"kb-adv-heading15_5d7cbe-98\">L\u2019entreprise qui veut lib\u00e9rer vos PC, et vous faire faire des \u00e9conomies !!<\/h2>\n\n\n<style>.wp-block-kadence-advancedheading.kt-adv-heading15_635b4d-47, .wp-block-kadence-advancedheading.kt-adv-heading15_635b4d-47[data-kb-block=\"kb-adv-heading15_635b4d-47\"]{font-style:normal;}.wp-block-kadence-advancedheading.kt-adv-heading15_635b4d-47 mark.kt-highlight, .wp-block-kadence-advancedheading.kt-adv-heading15_635b4d-47[data-kb-block=\"kb-adv-heading15_635b4d-47\"] mark.kt-highlight{font-style:normal;color:#f76a0c;-webkit-box-decoration-break:clone;box-decoration-break:clone;padding-top:0px;padding-right:0px;padding-bottom:0px;padding-left:0px;}@media all and (max-width: 767px){.wp-block-kadence-advancedheading.kt-adv-heading15_635b4d-47, .wp-block-kadence-advancedheading.kt-adv-heading15_635b4d-47[data-kb-block=\"kb-adv-heading15_635b4d-47\"]{font-size:var(--global-kb-font-size-md, 1.25rem);}}<\/style>\n<p class=\"kt-adv-heading15_635b4d-47 wp-block-kadence-advancedheading\" data-kb-block=\"kb-adv-heading15_635b4d-47\">Vous \u00eates sur le site de ma micro entreprise, sp\u00e9cialiste dans la mise en place et l&rsquo;accompagnement de la migration de vos mat\u00e9riels et structures informatiques vers l&rsquo;univers de Linux et du logiciel libre.<\/p>\n\n\n<style>.wp-block-kadence-advancedbtn.kb-btns15_c1792a-bc{gap:var(--global-kb-gap-xs, 0.5rem );justify-content:flex-end;align-items:center;}.kt-btns15_c1792a-bc .kt-button{font-weight:normal;font-style:normal;}.kt-btns15_c1792a-bc .kt-btn-wrap-0{margin-right:5px;}.wp-block-kadence-advancedbtn.kt-btns15_c1792a-bc .kt-btn-wrap-0 .kt-button{color:#555555;border-color:#555555;}.wp-block-kadence-advancedbtn.kt-btns15_c1792a-bc .kt-btn-wrap-0 .kt-button:hover, .wp-block-kadence-advancedbtn.kt-btns15_c1792a-bc .kt-btn-wrap-0 .kt-button:focus{color:#ffffff;border-color:#444444;}.wp-block-kadence-advancedbtn.kt-btns15_c1792a-bc .kt-btn-wrap-0 .kt-button::before{display:none;}.wp-block-kadence-advancedbtn.kt-btns15_c1792a-bc .kt-btn-wrap-0 .kt-button:hover, .wp-block-kadence-advancedbtn.kt-btns15_c1792a-bc .kt-btn-wrap-0 .kt-button:focus{background:#444444;}<\/style>\n<div class=\"wp-block-kadence-advancedbtn kb-buttons-wrap kb-btns15_c1792a-bc\"><style>ul.menu .wp-block-kadence-advancedbtn .kb-btn15_4352b3-41.kb-button{width:initial;}.wp-block-kadence-advancedbtn .kb-btn15_4352b3-41.kb-button{color:var(--global-palette4, #2D3748);margin-bottom:var(--global-kb-spacing-md, 2rem);}@media all and (max-width: 1024px){.kb-btn15_4352b3-41.kb-button .kb-svg-icon-wrap{display:block;}}@media all and (max-width: 767px){.wp-block-kadence-advancedbtn .kb-btn15_4352b3-41.kb-button{font-size:var(--global-kb-font-size-sm, 0.9rem);margin-bottom:var(--global-kb-spacing-lg, 3rem);}}<\/style><a class=\"kb-button kt-button button kb-btn15_4352b3-41 kt-btn-size-standard kt-btn-width-type-auto kb-btn-global-fill kt-btn-has-text-true kt-btn-has-svg-false wp-block-kadence-singlebtn\" href=\"https:\/\/microlibre.ynh.fr\/blog\/?page_id=56\" target=\"_blank\" rel=\"noreferrer noopener\"><span class=\"kt-btn-inner-text\"><strong>C&rsquo;est quoi Linux ?<\/strong><\/span><\/a><\/div>\n<\/div><\/div>\n\n<\/div><\/div>\n\n<style>.kb-row-layout-wrap.wp-block-kadence-rowlayout.kb-row-layout-id15_f6edf9-c7{margin-top:var(--global-kb-spacing-xl, 4rem);margin-bottom:var(--global-kb-spacing-xl, 4rem);}.kb-row-layout-id15_f6edf9-c7 > .kt-row-column-wrap{align-content:start;}:where(.kb-row-layout-id15_f6edf9-c7 > .kt-row-column-wrap) > .wp-block-kadence-column{justify-content:start;}.kb-row-layout-id15_f6edf9-c7 > .kt-row-column-wrap{column-gap:var(--global-kb-gap-md, 2rem);row-gap:var(--global-kb-gap-md, 2rem);max-width:var( --global-content-width, 1290px );padding-left:var(--global-content-edge-padding);padding-right:var(--global-content-edge-padding);padding-top:var(--global-kb-spacing-sm, 1.5rem);grid-template-columns:minmax(0, 1fr);}.kb-row-layout-id15_f6edf9-c7{border-top-left-radius:31px;border-top-right-radius:31px;border-bottom-right-radius:31px;border-bottom-left-radius:31px;overflow:clip;isolation:isolate;}.kb-row-layout-id15_f6edf9-c7 > .kt-row-layout-overlay{border-top-left-radius:31px;border-top-right-radius:31px;border-bottom-right-radius:31px;border-bottom-left-radius:31px;}.kb-row-layout-id15_f6edf9-c7 > .kt-row-layout-overlay{opacity:0.26;background-color:var(--global-palette6, #718096);}.kb-row-layout-id15_f6edf9-c7 .kt-row-layout-bottom-sep{height:21px;}.kb-row-layout-id15_f6edf9-c7 .kt-row-layout-bottom-sep svg{width:100%;}.kb-row-layout-id15_f6edf9-c7 .kt-row-layout-bottom-sep svg{fill:#ffffff!important;}@media all and (max-width: 1024px){.kb-row-layout-id15_f6edf9-c7 > .kt-row-column-wrap{grid-template-columns:minmax(0, 1fr);}}@media all and (max-width: 1024px){.kb-row-layout-id15_f6edf9-c7 .kt-row-layout-bottom-sep{height:px;}}@media all and (max-width: 1024px){.kb-row-layout-id15_f6edf9-c7 .kt-row-layout-bottom-sep svg{width:%;}}@media all and (max-width: 767px){.kb-row-layout-id15_f6edf9-c7 > .kt-row-column-wrap{grid-template-columns:minmax(0, 1fr);}.kb-row-layout-id15_f6edf9-c7 .kt-row-layout-bottom-sep{height:px;}.kb-row-layout-id15_f6edf9-c7 .kt-row-layout-bottom-sep svg{width:%;}}<\/style><div class=\"kb-row-layout-wrap kb-row-layout-id15_f6edf9-c7 alignnone kt-row-has-bg wp-block-kadence-rowlayout\"><div class=\"kt-row-layout-overlay kt-row-overlay-normal\"><\/div><div class=\"kt-row-layout-bottom-sep kt-row-sep-type-sltr\"><svg viewBox=\"0 0 1000 100\" preserveAspectRatio=\"none\"><path d=\"M0,0l1000,100l-1000,0l0,-100Z\" \/><\/svg><\/div><div class=\"kt-row-column-wrap kt-has-1-columns kt-row-layout-equal kt-tab-layout-inherit kt-mobile-layout-row kt-row-valign-top kb-theme-content-width\">\n<style>.kadence-column15_f5dbef-9d > .kt-inside-inner-col,.kadence-column15_f5dbef-9d > .kt-inside-inner-col:before{border-top-left-radius:0px;border-top-right-radius:0px;border-bottom-right-radius:0px;border-bottom-left-radius:0px;}.kadence-column15_f5dbef-9d > .kt-inside-inner-col{column-gap:var(--global-kb-gap-sm, 1rem);}.kadence-column15_f5dbef-9d > .kt-inside-inner-col{flex-direction:column;}.kadence-column15_f5dbef-9d > .kt-inside-inner-col > .aligncenter{width:100%;}.kadence-column15_f5dbef-9d > .kt-inside-inner-col:before{opacity:0.3;}.kadence-column15_f5dbef-9d{position:relative;}@media all and (max-width: 1024px){.kadence-column15_f5dbef-9d > .kt-inside-inner-col{flex-direction:column;}}@media all and (max-width: 767px){.kadence-column15_f5dbef-9d > .kt-inside-inner-col{flex-direction:column;}}<\/style>\n<div class=\"wp-block-kadence-column kadence-column15_f5dbef-9d\"><div class=\"kt-inside-inner-col\"><style>.wp-block-kadence-advancedheading.kt-adv-heading15_9d9c6b-8f, .wp-block-kadence-advancedheading.kt-adv-heading15_9d9c6b-8f[data-kb-block=\"kb-adv-heading15_9d9c6b-8f\"]{font-size:var(--global-kb-font-size-lg, 2rem);font-style:normal;}.wp-block-kadence-advancedheading.kt-adv-heading15_9d9c6b-8f mark.kt-highlight, .wp-block-kadence-advancedheading.kt-adv-heading15_9d9c6b-8f[data-kb-block=\"kb-adv-heading15_9d9c6b-8f\"] mark.kt-highlight{font-style:normal;-webkit-box-decoration-break:clone;box-decoration-break:clone;padding-top:0px;padding-right:0px;padding-bottom:0px;padding-left:0px;}@media all and (max-width: 767px){.wp-block-kadence-advancedheading.kt-adv-heading15_9d9c6b-8f, .wp-block-kadence-advancedheading.kt-adv-heading15_9d9c6b-8f[data-kb-block=\"kb-adv-heading15_9d9c6b-8f\"]{font-size:var(--global-kb-font-size-md, 1.25rem);}}<\/style>\n<h2 class=\"kt-adv-heading15_9d9c6b-8f wp-block-kadence-advancedheading\" data-kb-block=\"kb-adv-heading15_9d9c6b-8f\">Qui sommes-nous :<\/h2>\n\n\n<style>.wp-block-kadence-advancedheading.kt-adv-heading15_fb4b24-e1, .wp-block-kadence-advancedheading.kt-adv-heading15_fb4b24-e1[data-kb-block=\"kb-adv-heading15_fb4b24-e1\"]{font-style:normal;}.wp-block-kadence-advancedheading.kt-adv-heading15_fb4b24-e1 mark.kt-highlight, .wp-block-kadence-advancedheading.kt-adv-heading15_fb4b24-e1[data-kb-block=\"kb-adv-heading15_fb4b24-e1\"] mark.kt-highlight{font-style:normal;color:#f76a0c;-webkit-box-decoration-break:clone;box-decoration-break:clone;padding-top:0px;padding-right:0px;padding-bottom:0px;padding-left:0px;}@media all and (max-width: 767px){.wp-block-kadence-advancedheading.kt-adv-heading15_fb4b24-e1, .wp-block-kadence-advancedheading.kt-adv-heading15_fb4b24-e1[data-kb-block=\"kb-adv-heading15_fb4b24-e1\"]{font-size:var(--global-kb-font-size-md, 1.25rem);}}<\/style>\n<p class=\"kt-adv-heading15_fb4b24-e1 wp-block-kadence-advancedheading\" data-kb-block=\"kb-adv-heading15_fb4b24-e1\">Microlibre est une auto-entreprise sp\u00e9cialis\u00e9e dans les installations Linux.<br>Fort de 25 ans d\u2019exp\u00e9rience, nous mettons \u00e0 votre disposition nos comp\u00e9tences pour vous accompagner vers ce syst\u00e8me, qui remplace tr\u00e8s avantageusement les syst\u00e8mes Windows\u00ae.<\/p>\n\n\n<style>.wp-block-kadence-advancedheading.kt-adv-heading15_e6dfbb-ec, .wp-block-kadence-advancedheading.kt-adv-heading15_e6dfbb-ec[data-kb-block=\"kb-adv-heading15_e6dfbb-ec\"]{font-style:normal;}.wp-block-kadence-advancedheading.kt-adv-heading15_e6dfbb-ec mark.kt-highlight, .wp-block-kadence-advancedheading.kt-adv-heading15_e6dfbb-ec[data-kb-block=\"kb-adv-heading15_e6dfbb-ec\"] mark.kt-highlight{font-style:normal;color:#f76a0c;-webkit-box-decoration-break:clone;box-decoration-break:clone;padding-top:0px;padding-right:0px;padding-bottom:0px;padding-left:0px;}@media all and (max-width: 767px){.wp-block-kadence-advancedheading.kt-adv-heading15_e6dfbb-ec, .wp-block-kadence-advancedheading.kt-adv-heading15_e6dfbb-ec[data-kb-block=\"kb-adv-heading15_e6dfbb-ec\"]{font-size:var(--global-kb-font-size-md, 1.25rem);}}<\/style>\n<p class=\"kt-adv-heading15_e6dfbb-ec wp-block-kadence-advancedheading\" data-kb-block=\"kb-adv-heading15_e6dfbb-ec\">Nous r\u00e9alisons des r\u00e9installations compl\u00e8tes et mises \u00e0 niveau sur votre mat\u00e9riel existant, ou vous \u00e9quipons de nouveau mat\u00e9riel \u00e0 bas prix (neuf ou occasion). Nous r\u00e9alisons \u00e9galement des travaux plus sp\u00e9cifiques, comme la sauvegardes automatique de donn\u00e9es, configuration r\u00e9seaux et NAS\u2026<\/p>\n\n\n<style>.wp-block-kadence-advancedheading.kt-adv-heading15_7fa006-76, .wp-block-kadence-advancedheading.kt-adv-heading15_7fa006-76[data-kb-block=\"kb-adv-heading15_7fa006-76\"]{font-style:normal;}.wp-block-kadence-advancedheading.kt-adv-heading15_7fa006-76 mark.kt-highlight, .wp-block-kadence-advancedheading.kt-adv-heading15_7fa006-76[data-kb-block=\"kb-adv-heading15_7fa006-76\"] mark.kt-highlight{font-style:normal;color:#f76a0c;-webkit-box-decoration-break:clone;box-decoration-break:clone;padding-top:0px;padding-right:0px;padding-bottom:0px;padding-left:0px;}@media all and (max-width: 767px){.wp-block-kadence-advancedheading.kt-adv-heading15_7fa006-76, .wp-block-kadence-advancedheading.kt-adv-heading15_7fa006-76[data-kb-block=\"kb-adv-heading15_7fa006-76\"]{font-size:var(--global-kb-font-size-md, 1.25rem);}}<\/style>\n<p class=\"kt-adv-heading15_7fa006-76 wp-block-kadence-advancedheading\" data-kb-block=\"kb-adv-heading15_7fa006-76\">Votre PC vous semble obsol\u00e8te ? Vous \u00eate fatigu\u00e9 de la lenteur de votre ordi ? <strong>Ne le jetez pas ! <\/strong>Passez \u00e0 Linux et c\u2019est reparti pour des ann\u00e9es !<\/p>\n\n\n<style>.wp-block-kadence-advancedbtn.kb-btns15_1f9948-40{gap:var(--global-kb-gap-xs, 0.5rem );justify-content:center;align-items:center;}.kt-btns15_1f9948-40 .kt-button{font-weight:normal;font-style:normal;}.kt-btns15_1f9948-40 .kt-btn-wrap-0{margin-right:5px;}.wp-block-kadence-advancedbtn.kt-btns15_1f9948-40 .kt-btn-wrap-0 .kt-button{color:#555555;border-color:#555555;}.wp-block-kadence-advancedbtn.kt-btns15_1f9948-40 .kt-btn-wrap-0 .kt-button:hover, .wp-block-kadence-advancedbtn.kt-btns15_1f9948-40 .kt-btn-wrap-0 .kt-button:focus{color:#ffffff;border-color:#444444;}.wp-block-kadence-advancedbtn.kt-btns15_1f9948-40 .kt-btn-wrap-0 .kt-button::before{display:none;}.wp-block-kadence-advancedbtn.kt-btns15_1f9948-40 .kt-btn-wrap-0 .kt-button:hover, .wp-block-kadence-advancedbtn.kt-btns15_1f9948-40 .kt-btn-wrap-0 .kt-button:focus{background:#444444;}<\/style>\n<div class=\"wp-block-kadence-advancedbtn kb-buttons-wrap kb-btns15_1f9948-40\"><style>ul.menu .wp-block-kadence-advancedbtn .kb-btn15_aa77e7-a5.kb-button{width:initial;}.wp-block-kadence-advancedbtn .kb-btn15_aa77e7-a5.kb-button{color:var(--global-palette3, #1A202C);margin-bottom:var(--global-kb-spacing-md, 2rem);}@media all and (max-width: 1024px){.kb-btn15_aa77e7-a5.kb-button .kb-svg-icon-wrap{display:block;}}@media all and (max-width: 767px){.wp-block-kadence-advancedbtn .kb-btn15_aa77e7-a5.kb-button{font-size:var(--global-kb-font-size-sm, 0.9rem);}}<\/style><a class=\"kb-button kt-button button kb-btn15_aa77e7-a5 kt-btn-size-standard kt-btn-width-type-auto kb-btn-global-fill kt-btn-has-text-true kt-btn-has-svg-false wp-block-kadence-singlebtn\" href=\"https:\/\/microlibre.ynh.fr\/blog\/?page_id=82\"><span class=\"kt-btn-inner-text\"><strong>Pourquoi passer \u00e0 linux ?<\/strong><\/span><\/a><\/div>\n<\/div><\/div>\n\n<\/div><\/div>\n\n<style>.kb-row-layout-id15_89b62c-ff > .kt-row-column-wrap{align-content:start;}:where(.kb-row-layout-id15_89b62c-ff > .kt-row-column-wrap) > .wp-block-kadence-column{justify-content:start;}.kb-row-layout-id15_89b62c-ff > .kt-row-column-wrap{column-gap:var(--global-kb-gap-md, 2rem);row-gap:var(--global-kb-gap-md, 2rem);padding-top:var(--global-kb-spacing-sm, 1.5rem);padding-bottom:var(--global-kb-spacing-sm, 1.5rem);grid-template-columns:minmax(0, calc(55% - ((var(--global-kb-gap-md, 2rem) * 1 )\/2)))minmax(0, calc(45% - ((var(--global-kb-gap-md, 2rem) * 1 )\/2)));}.kb-row-layout-id15_89b62c-ff{border-top-left-radius:31px;border-top-right-radius:31px;border-bottom-right-radius:31px;border-bottom-left-radius:31px;overflow:clip;isolation:isolate;}.kb-row-layout-id15_89b62c-ff > .kt-row-layout-overlay{border-top-left-radius:31px;border-top-right-radius:31px;border-bottom-right-radius:31px;border-bottom-left-radius:31px;}.kb-row-layout-id15_89b62c-ff > .kt-row-layout-overlay{opacity:0.30;background-color:var(--global-palette6, #718096);}.kb-row-layout-id15_89b62c-ff .kt-row-layout-top-sep{height:21px;}.kb-row-layout-id15_89b62c-ff .kt-row-layout-top-sep svg{width:100%;}.kb-row-layout-id15_89b62c-ff .kt-row-layout-top-sep svg{fill:#ffffff!important;}@media all and (max-width: 1024px){.kb-row-layout-id15_89b62c-ff > .kt-row-column-wrap{grid-template-columns:repeat(2, minmax(0, 1fr));}}@media all and (max-width: 767px){.kb-row-layout-id15_89b62c-ff > .kt-row-column-wrap{grid-template-columns:minmax(0, 1fr);}}<\/style><div class=\"kb-row-layout-wrap kb-row-layout-id15_89b62c-ff alignnone kt-row-has-bg wp-block-kadence-rowlayout\"><div class=\"kt-row-layout-overlay kt-row-overlay-normal\"><\/div><div class=\"kt-row-layout-top-sep kt-row-sep-type-sltr\"><svg viewBox=\"0 0 1000 100\" preserveAspectRatio=\"none\"><path d=\"M0,0l1000,100l-1000,0l0,-100Z\" \/><\/svg><\/div><div class=\"kt-row-column-wrap kt-has-2-columns kt-row-layout-equal kt-tab-layout-inherit kt-mobile-layout-row kt-row-valign-top\">\n<style>.kadence-column15_d010d9-45 > .kt-inside-inner-col,.kadence-column15_d010d9-45 > .kt-inside-inner-col:before{border-top-left-radius:0px;border-top-right-radius:0px;border-bottom-right-radius:0px;border-bottom-left-radius:0px;}.kadence-column15_d010d9-45 > .kt-inside-inner-col{column-gap:var(--global-kb-gap-sm, 1rem);}.kadence-column15_d010d9-45 > .kt-inside-inner-col{flex-direction:column;}.kadence-column15_d010d9-45 > .kt-inside-inner-col > .aligncenter{width:100%;}.kadence-column15_d010d9-45 > .kt-inside-inner-col:before{opacity:0.3;}.kadence-column15_d010d9-45{position:relative;}@media all and (max-width: 1024px){.kadence-column15_d010d9-45 > .kt-inside-inner-col{flex-direction:column;}}@media all and (max-width: 767px){.kadence-column15_d010d9-45 > .kt-inside-inner-col{flex-direction:column;}}<\/style>\n<div class=\"wp-block-kadence-column kadence-column15_d010d9-45\"><div class=\"kt-inside-inner-col\"><style>.wp-block-kadence-advancedheading.kt-adv-heading15_8e7ece-38, .wp-block-kadence-advancedheading.kt-adv-heading15_8e7ece-38[data-kb-block=\"kb-adv-heading15_8e7ece-38\"]{padding-top:var(--global-kb-spacing-md, 2rem);font-style:normal;}.wp-block-kadence-advancedheading.kt-adv-heading15_8e7ece-38 mark.kt-highlight, .wp-block-kadence-advancedheading.kt-adv-heading15_8e7ece-38[data-kb-block=\"kb-adv-heading15_8e7ece-38\"] mark.kt-highlight{font-style:normal;color:#f76a0c;-webkit-box-decoration-break:clone;box-decoration-break:clone;padding-top:0px;padding-right:0px;padding-bottom:0px;padding-left:0px;}@media all and (max-width: 767px){.wp-block-kadence-advancedheading.kt-adv-heading15_8e7ece-38, .wp-block-kadence-advancedheading.kt-adv-heading15_8e7ece-38[data-kb-block=\"kb-adv-heading15_8e7ece-38\"]{font-size:var(--global-kb-font-size-md, 1.25rem);}}<\/style>\n<h2 class=\"kt-adv-heading15_8e7ece-38 wp-block-kadence-advancedheading\" data-kb-block=\"kb-adv-heading15_8e7ece-38\">Notre localisation et rayon d&rsquo;intervention :<\/h2>\n\n\n<style>.wp-block-kadence-advancedheading.kt-adv-heading15_3fa215-5a, .wp-block-kadence-advancedheading.kt-adv-heading15_3fa215-5a[data-kb-block=\"kb-adv-heading15_3fa215-5a\"]{font-style:normal;}.wp-block-kadence-advancedheading.kt-adv-heading15_3fa215-5a mark.kt-highlight, .wp-block-kadence-advancedheading.kt-adv-heading15_3fa215-5a[data-kb-block=\"kb-adv-heading15_3fa215-5a\"] mark.kt-highlight{font-style:normal;color:#f76a0c;-webkit-box-decoration-break:clone;box-decoration-break:clone;padding-top:0px;padding-right:0px;padding-bottom:0px;padding-left:0px;}@media all and (max-width: 767px){.wp-block-kadence-advancedheading.kt-adv-heading15_3fa215-5a, .wp-block-kadence-advancedheading.kt-adv-heading15_3fa215-5a[data-kb-block=\"kb-adv-heading15_3fa215-5a\"]{font-size:var(--global-kb-font-size-md, 1.25rem);}}<\/style>\n<p class=\"kt-adv-heading15_3fa215-5a wp-block-kadence-advancedheading\" data-kb-block=\"kb-adv-heading15_3fa215-5a\">Nous sommes bas\u00e9s \u00e0 Moulins et intervenons dans un rayon de 50 km<\/p>\n<\/div><\/div>\n\n\n<style>.kadence-column15_a1fb62-0d > .kt-inside-inner-col,.kadence-column15_a1fb62-0d > .kt-inside-inner-col:before{border-top-left-radius:0px;border-top-right-radius:0px;border-bottom-right-radius:0px;border-bottom-left-radius:0px;}.kadence-column15_a1fb62-0d > .kt-inside-inner-col{column-gap:var(--global-kb-gap-sm, 1rem);}.kadence-column15_a1fb62-0d > .kt-inside-inner-col{flex-direction:column;}.kadence-column15_a1fb62-0d > .kt-inside-inner-col > .aligncenter{width:100%;}.kadence-column15_a1fb62-0d > .kt-inside-inner-col:before{opacity:0.3;}.kadence-column15_a1fb62-0d{position:relative;}@media all and (max-width: 1024px){.kadence-column15_a1fb62-0d > .kt-inside-inner-col{flex-direction:column;}}@media all and (max-width: 767px){.kadence-column15_a1fb62-0d > .kt-inside-inner-col{flex-direction:column;}}<\/style>\n<div class=\"wp-block-kadence-column kadence-column15_a1fb62-0d\"><div class=\"kt-inside-inner-col\"><style>.kb-google-maps-container15_604fa2-4f{height:250px;}<\/style><div class=\"kb-google-maps-container kb-google-maps-container15_604fa2-4f  wp-block-kadence-googlemaps\" data-mapid=\"15_604fa24f\"><iframe width=\"100%\" height=\"100%\"\n\t\t\t\t\t\t\tstyle=\"border:0\" loading=\"lazy\"\n\t\t\t\t\t\t\tsrc=\"https:\/\/www.google.com\/maps\/embed\/v1\/place?key=AIzaSyBAM2o7PiQqwk15LC1XRH2e_KJ-jUa7KYk&#038;zoom=8&#038;maptype=roadmap&#038;q=Moulins+03000\"\n\t\t\t\t\t\t\ttitle=\"Carte Google de Moulins 03000\"><\/iframe><\/div><script>function kb_google_map15_604fa24f() { let center = { lat: 37.8201, lng: -122.4781}; let map = new google.maps.Map(document.getElementById(\"kb-google-map15_604fa24f\"), {\n\t\t\t\t\t    zoom: 8,\n\t\t\t\t\t    center: center,});let marker = new google.maps.Marker({   position: { lat: 37.8201, lng: -122.4781},    map: map,  });}<\/script><\/div><\/div>\n\n<\/div><\/div>","protected":false},"excerpt":{"rendered":"<p>Bienvenue chez MicroLibre L\u2019entreprise qui veut lib\u00e9rer vos PC, et vous faire faire des \u00e9conomies !! Vous \u00eates sur le site de ma micro entreprise, sp\u00e9cialiste dans la mise en place et l&rsquo;accompagnement de la migration de vos mat\u00e9riels et structures informatiques vers l&rsquo;univers de Linux et du logiciel libre. Qui sommes-nous : Microlibre est&#8230;<\/p>\n","protected":false},"author":1,"featured_media":0,"parent":0,"menu_order":0,"comment_status":"closed","ping_status":"closed","template":"","meta":{"_kadence_starter_templates_imported_post":false,"_kad_post_transparent":"","_kad_post_title":"hide","_kad_post_layout":"default","_kad_post_sidebar_id":"","_kad_post_content_style":"boxed","_kad_post_vertical_padding":"hide","_kad_post_feature":"","_kad_post_feature_position":"","_kad_post_header":false,"_kad_post_footer":false,"_kad_post_classname":"","footnotes":""},"_links":{"self":[{"href":"https:\/\/microlibre.ynh.fr\/blog\/index.php?rest_route=\/wp\/v2\/pages\/15"}],"collection":[{"href":"https:\/\/microlibre.ynh.fr\/blog\/index.php?rest_route=\/wp\/v2\/pages"}],"about":[{"href":"https:\/\/microlibre.ynh.fr\/blog\/index.php?rest_route=\/wp\/v2\/types\/page"}],"author":[{"embeddable":true,"href":"https:\/\/microlibre.ynh.fr\/blog\/index.php?rest_route=\/wp\/v2\/users\/1"}],"replies":[{"embeddable":true,"href":"https:\/\/microlibre.ynh.fr\/blog\/index.php?rest_route=%2Fwp%2Fv2%2Fcomments&post=15"}],"version-history":[{"count":22,"href":"https:\/\/microlibre.ynh.fr\/blog\/index.php?rest_route=\/wp\/v2\/pages\/15\/revisions"}],"predecessor-version":[{"id":173,"href":"https:\/\/microlibre.ynh.fr\/blog\/index.php?rest_route=\/wp\/v2\/pages\/15\/revisions\/173"}],"wp:attachment":[{"href":"https:\/\/microlibre.ynh.fr\/blog\/index.php?rest_route=%2Fwp%2Fv2%2Fmedia&parent=15"}],"curies":[{"name":"wp","href":"https:\/\/api.w.org\/{rel}","templated":true}]}}